{"id":1611,"date":"2019-05-28T13:40:41","date_gmt":"2019-05-28T16:40:41","guid":{"rendered":"http:\/\/brempilhadeiras.com\/site\/?page_id=1611"},"modified":"2019-08-20T11:32:16","modified_gmt":"2019-08-20T14:32:16","slug":"manutencao","status":"publish","type":"page","link":"https:\/\/brempilhadeiras.com\/site\/manutencao\/","title":{"rendered":"Manuten\u00e7\u00e3o"},"content":{"rendered":"<p>[vc_row css=&#8221;.vc_custom_1559763216177{padding-top: 80px !important;}&#8221;][vc_column][vc_single_image image=&#8221;1719&#8243; img_size=&#8221;full&#8221; alignment=&#8221;center&#8221;][\/vc_column][\/vc_row][vc_row][vc_column width=&#8221;1\/6&#8243;][\/vc_column][vc_column width=&#8221;2\/3&#8243;][vc_column_text]<\/p>\n<p class=\"text-size-medium\" style=\"text-align: justify;\">A manuten\u00e7\u00e3o \u00e9 formada por um conjunto de a\u00e7\u00f5es que ajudam no bom e correto funcionamento de algo, como por exemplo a manuten\u00e7\u00e3o de paleteiras e empilhadeiras el\u00e9tricas.<br \/>\nA manuten\u00e7\u00e3o deve ser pr\u00e1tica constante nas organiza\u00e7\u00f5es, pois caso o equipamento quebre ou apresente defeitos em opera\u00e7\u00e3o, o processo n\u00e3o ter\u00e1 o mesmo padr\u00e3o de qualidade que poderia oferecer caso o equipamento n\u00e3o tivesse apresentado problemas. Al\u00e9m do mais, a interrup\u00e7\u00e3o do processo gera uma s\u00e9rie de problemas que poderiam ser evitados caso tivesse sido realizada manuten\u00e7\u00e3o. A BR Empilhadeiras oferece o servi\u00e7o de manuten\u00e7\u00e3o, tem uma alta infra-estrutura e conta com uma equipe de mec\u00e2nicos altamente qualificados para manuten\u00e7\u00e3o e suporte t\u00e9cnico ao cliente.<\/p>\n<p>[\/vc_column_text][\/vc_column][vc_column width=&#8221;1\/6&#8243;][\/vc_column][\/vc_row][vc_row][vc_column width=&#8221;1\/4&#8243;][\/vc_column][vc_column width=&#8221;1\/4&#8243;][vc_mad_info_list_services title_font_size=&#8221;32&#8243;]<\/p>\n<h6 style=\"text-align: left;\"><b>Manuten\u00e7\u00e3o Corretiva<\/b><\/h6>\n<p>[\/vc_mad_info_list_services][vc_mad_info_list_services title_font_size=&#8221;32&#8243;]<\/p>\n<h6 style=\"text-align: left;\"><b>SUAS PE\u00c7AS DE REPOSI\u00c7\u00c3O COM CUSTO BAIX\u00cdSSIMO E COM AMPLA DISPONIBILIDADE<\/b><\/h6>\n<p>[\/vc_mad_info_list_services][\/vc_column][vc_column width=&#8221;1\/4&#8243;][vc_mad_info_list_services title_font_size=&#8221;32&#8243;]<\/p>\n<h6 style=\"text-align: left;\"><b>Manuten\u00e7\u00e3o Preventiva<\/b><\/h6>\n<p>[\/vc_mad_info_list_services][vc_mad_info_list_services title_font_size=&#8221;32&#8243;]<\/p>\n<h6 style=\"text-align: left;\"><b>POSSUI A MAIOR ASSIST\u00caNCIA T\u00c9CNICA DO BRASIL<\/b><\/h6>\n<p>[\/vc_mad_info_list_services][\/vc_column][vc_column width=&#8221;1\/4&#8243;][\/vc_column][\/vc_row][vc_row css=&#8221;.vc_custom_1489138756850{margin-bottom: 0px !important;padding-bottom: 0px !important;}&#8221;][vc_column][vc_btn title=&#8221;FA\u00c7A J\u00c1 O SEU OR\u00c7AMENTO&#8221; style=&#8221;flat&#8221; shape=&#8221;square&#8221; color=&#8221;primary&#8221; align=&#8221;center&#8221; button_block=&#8221;true&#8221; link=&#8221;url:http%3A%2F%2Fbrempilhadeiras.com%2Fsite%2Forcamento%2F|title:OR%C3%87AMENTO||&#8221;][\/vc_column][\/vc_row]<\/p>\n","protected":false},"excerpt":{"rendered":"<p>[vc_row css=&#8221;.vc_custom_1559763216177{padding-top: 80px !important;}&#8221;][vc_column][vc_single_image image=&#8221;1719&#8243; img_size=&#8221;full&#8221; alignment=&#8221;center&#8221;][\/vc_column][\/vc_row][vc_row][vc_column width=&#8221;1\/6&#8243;][\/vc_column][vc_column width=&#8221;2\/3&#8243;][vc_column_text] A manuten\u00e7\u00e3o \u00e9 formada por um conjunto de a\u00e7\u00f5es que ajudam no bom e correto funcionamento de algo, como por exemplo a manuten\u00e7\u00e3o de paleteiras e empilhadeiras el\u00e9tricas. A manuten\u00e7\u00e3o deve ser pr\u00e1tica constante nas organiza\u00e7\u00f5es, pois caso o equipamento quebre ou apresente defeitos em opera\u00e7\u00e3o, [&hellip;]<\/p>\n","protected":false},"author":2,"featured_media":0,"parent":0,"menu_order":0,"comment_status":"closed","ping_status":"closed","template":"","meta":{"spay_email":"","footnotes":""},"class_list":["post-1611","page","type-page","status-publish","hentry"],"yoast_head":"<!-- This site is optimized with the Yoast SEO plugin v22.7 - https:\/\/yoast.com\/wordpress\/plugins\/seo\/ -->\n<title>Manuten\u00e7\u00e3o de empilhadeiras eletricas - BR Empilhadeiras<\/title>\n<meta name=\"description\" content=\"A manuten\u00e7\u00e3o \u00e9 formada por um conjunto de a\u00e7\u00f5es que ajudam no bom e correto funcionamento de algo, como por exemplo a manuten\u00e7\u00e3o de paleteiras e ...\" \/>\n<meta name=\"robots\" content=\"index, follow, max-snippet:-1, max-image-preview:large, max-video-preview:-1\" \/>\n<link rel=\"canonical\" href=\"http:\/\/brempilhadeiras.com\/site\/manutencao\/\" \/>\n<meta property=\"og:locale\" content=\"pt_BR\" \/>\n<meta property=\"og:type\" content=\"article\" \/>\n<meta property=\"og:title\" content=\"Manuten\u00e7\u00e3o de empilhadeiras eletricas - BR Empilhadeiras\" \/>\n<meta property=\"og:description\" content=\"A manuten\u00e7\u00e3o \u00e9 formada por um conjunto de a\u00e7\u00f5es que ajudam no bom e correto funcionamento de algo, como por exemplo a manuten\u00e7\u00e3o de paleteiras e ...\" \/>\n<meta property=\"og:url\" content=\"http:\/\/brempilhadeiras.com\/site\/manutencao\/\" \/>\n<meta property=\"og:site_name\" content=\"BR Empilhadeiras\" \/>\n<meta property=\"article:modified_time\" content=\"2019-08-20T14:32:16+00:00\" \/>\n<meta name=\"twitter:card\" content=\"summary_large_image\" \/>\n<meta name=\"twitter:label1\" content=\"Est. tempo de leitura\" \/>\n\t<meta name=\"twitter:data1\" content=\"2 minutos\" \/>\n<script type=\"application\/ld+json\" class=\"yoast-schema-graph\">{\"@context\":\"https:\/\/schema.org\",\"@graph\":[{\"@type\":\"WebPage\",\"@id\":\"http:\/\/brempilhadeiras.com\/site\/manutencao\/\",\"url\":\"http:\/\/brempilhadeiras.com\/site\/manutencao\/\",\"name\":\"Manuten\u00e7\u00e3o de empilhadeiras eletricas - BR Empilhadeiras\",\"isPartOf\":{\"@id\":\"http:\/\/brempilhadeiras.com\/site\/#website\"},\"datePublished\":\"2019-05-28T16:40:41+00:00\",\"dateModified\":\"2019-08-20T14:32:16+00:00\",\"description\":\"A manuten\u00e7\u00e3o \u00e9 formada por um conjunto de a\u00e7\u00f5es que ajudam no bom e correto funcionamento de algo, como por exemplo a manuten\u00e7\u00e3o de paleteiras e ...\",\"breadcrumb\":{\"@id\":\"http:\/\/brempilhadeiras.com\/site\/manutencao\/#breadcrumb\"},\"inLanguage\":\"pt-BR\",\"potentialAction\":[{\"@type\":\"ReadAction\",\"target\":[\"http:\/\/brempilhadeiras.com\/site\/manutencao\/\"]}]},{\"@type\":\"BreadcrumbList\",\"@id\":\"http:\/\/brempilhadeiras.com\/site\/manutencao\/#breadcrumb\",\"itemListElement\":[{\"@type\":\"ListItem\",\"position\":1,\"name\":\"Home\",\"item\":\"http:\/\/brempilhadeiras.com\/site\/\"},{\"@type\":\"ListItem\",\"position\":2,\"name\":\"Manuten\u00e7\u00e3o\"}]},{\"@type\":\"WebSite\",\"@id\":\"http:\/\/brempilhadeiras.com\/site\/#website\",\"url\":\"http:\/\/brempilhadeiras.com\/site\/\",\"name\":\"BR Empilhadeiras\",\"description\":\"Empilhadeiras El\u00e9tricas\",\"potentialAction\":[{\"@type\":\"SearchAction\",\"target\":{\"@type\":\"EntryPoint\",\"urlTemplate\":\"http:\/\/brempilhadeiras.com\/site\/?s={search_term_string}\"},\"query-input\":\"required name=search_term_string\"}],\"inLanguage\":\"pt-BR\"}]}<\/script>\n<!-- \/ Yoast SEO plugin. -->","yoast_head_json":{"title":"Manuten\u00e7\u00e3o de empilhadeiras eletricas - BR Empilhadeiras","description":"A manuten\u00e7\u00e3o \u00e9 formada por um conjunto de a\u00e7\u00f5es que ajudam no bom e correto funcionamento de algo, como por exemplo a manuten\u00e7\u00e3o de paleteiras e ...","robots":{"index":"index","follow":"follow","max-snippet":"max-snippet:-1","max-image-preview":"max-image-preview:large","max-video-preview":"max-video-preview:-1"},"canonical":"http:\/\/brempilhadeiras.com\/site\/manutencao\/","og_locale":"pt_BR","og_type":"article","og_title":"Manuten\u00e7\u00e3o de empilhadeiras eletricas - BR Empilhadeiras","og_description":"A manuten\u00e7\u00e3o \u00e9 formada por um conjunto de a\u00e7\u00f5es que ajudam no bom e correto funcionamento de algo, como por exemplo a manuten\u00e7\u00e3o de paleteiras e ...","og_url":"http:\/\/brempilhadeiras.com\/site\/manutencao\/","og_site_name":"BR Empilhadeiras","article_modified_time":"2019-08-20T14:32:16+00:00","twitter_card":"summary_large_image","twitter_misc":{"Est. tempo de leitura":"2 minutos"},"schema":{"@context":"https:\/\/schema.org","@graph":[{"@type":"WebPage","@id":"http:\/\/brempilhadeiras.com\/site\/manutencao\/","url":"http:\/\/brempilhadeiras.com\/site\/manutencao\/","name":"Manuten\u00e7\u00e3o de empilhadeiras eletricas - BR Empilhadeiras","isPartOf":{"@id":"http:\/\/brempilhadeiras.com\/site\/#website"},"datePublished":"2019-05-28T16:40:41+00:00","dateModified":"2019-08-20T14:32:16+00:00","description":"A manuten\u00e7\u00e3o \u00e9 formada por um conjunto de a\u00e7\u00f5es que ajudam no bom e correto funcionamento de algo, como por exemplo a manuten\u00e7\u00e3o de paleteiras e ...","breadcrumb":{"@id":"http:\/\/brempilhadeiras.com\/site\/manutencao\/#breadcrumb"},"inLanguage":"pt-BR","potentialAction":[{"@type":"ReadAction","target":["http:\/\/brempilhadeiras.com\/site\/manutencao\/"]}]},{"@type":"BreadcrumbList","@id":"http:\/\/brempilhadeiras.com\/site\/manutencao\/#breadcrumb","itemListElement":[{"@type":"ListItem","position":1,"name":"Home","item":"http:\/\/brempilhadeiras.com\/site\/"},{"@type":"ListItem","position":2,"name":"Manuten\u00e7\u00e3o"}]},{"@type":"WebSite","@id":"http:\/\/brempilhadeiras.com\/site\/#website","url":"http:\/\/brempilhadeiras.com\/site\/","name":"BR Empilhadeiras","description":"Empilhadeiras El\u00e9tricas","potentialAction":[{"@type":"SearchAction","target":{"@type":"EntryPoint","urlTemplate":"http:\/\/brempilhadeiras.com\/site\/?s={search_term_string}"},"query-input":"required name=search_term_string"}],"inLanguage":"pt-BR"}]}},"_links":{"self":[{"href":"https:\/\/brempilhadeiras.com\/site\/wp-json\/wp\/v2\/pages\/1611"}],"collection":[{"href":"https:\/\/brempilhadeiras.com\/site\/wp-json\/wp\/v2\/pages"}],"about":[{"href":"https:\/\/brempilhadeiras.com\/site\/wp-json\/wp\/v2\/types\/page"}],"author":[{"embeddable":true,"href":"https:\/\/brempilhadeiras.com\/site\/wp-json\/wp\/v2\/users\/2"}],"replies":[{"embeddable":true,"href":"https:\/\/brempilhadeiras.com\/site\/wp-json\/wp\/v2\/comments?post=1611"}],"version-history":[{"count":9,"href":"https:\/\/brempilhadeiras.com\/site\/wp-json\/wp\/v2\/pages\/1611\/revisions"}],"predecessor-version":[{"id":1745,"href":"https:\/\/brempilhadeiras.com\/site\/wp-json\/wp\/v2\/pages\/1611\/revisions\/1745"}],"wp:attachment":[{"href":"https:\/\/brempilhadeiras.com\/site\/wp-json\/wp\/v2\/media?parent=1611"}],"curies":[{"name":"wp","href":"https:\/\/api.w.org\/{rel}","templated":true}]}}